{"id":14,"date":"2018-11-29T09:47:46","date_gmt":"2018-11-29T09:47:46","guid":{"rendered":"https:\/\/uks.eus\/?page_id=14"},"modified":"2025-12-22T13:13:15","modified_gmt":"2025-12-22T12:13:15","slug":"sobre-uks","status":"publish","type":"page","link":"https:\/\/uks.eus\/es\/sobre-uks\/","title":{"rendered":"SOBRE UKS"},"content":{"rendered":"<p>[vc_row][vc_column][vc_custom_heading text=&#8221;Somos una red compuesta por personas pertenecientes a ONG de desarrollo de la Coordinadora de ONGD de Euskadi, a movimientos sociales, y profesorado, alumnado y personal investigador de la UPV\/EHU.&#8221; font_container=&#8221;tag:p|font_size:40|text_align:center&#8221; google_fonts=&#8221;font_family:Roboto%3A100%2C100italic%2C300%2C300italic%2Cregular%2Citalic%2C500%2C500italic%2C700%2C700italic%2C900%2C900italic|font_style:400%20regular%3A400%3Anormal&#8221;][\/vc_column][\/vc_row][vc_row content_placement=&#8221;middle&#8221; css=&#8221;.vc_custom_1543916606055{margin-top: 10rem !important;}&#8221;][vc_column width=&#8221;1\/2&#8243;][vc_column_text]<\/p>\n<p style=\"text-align: left;\"><strong>Vinculadas a la Coordinadora de ONGD de Euskadi, a movimientos sociales, y profesorado adscrito a la Universidad del Pa\u00eds Vasco- Euskal Herriko Unibertsitatea UPV\/EHU)<\/strong><\/p>\n<p style=\"text-align: left;\">Desde 2013, venimos reflexionando sobre el devenir de las universidades p\u00fablicas en el marco del sistema econ\u00f3mico actual.<\/p>\n<p style=\"text-align: left;\">En este sentido, sostenemos que la UPV\/EHU, como universidad p\u00fablica en nuestro territorio, debe promover su rol social y reflexionar en colectivo sobre la construcci\u00f3n de una universidad p\u00fablica sensible y comprometida, con objetivo de generar propuestas que promuevan el bien com\u00fan, la justicia social y las sociedades equitativas desde el marco universitario en interrelaci\u00f3n con otros agentes sociales, tales como ONG de Desarrollo, asociaciones, movimientos sociales, y dem\u00e1s.<\/p>\n<p>[\/vc_column_text][\/vc_column][vc_column width=&#8221;1\/2&#8243;][vc_images_carousel images=&#8221;224,214,213&#8243; img_size=&#8221;full&#8221; onclick=&#8221;link_no&#8221; speed=&#8221;3000&#8243; autoplay=&#8221;yes&#8221; wrap=&#8221;yes&#8221;][\/vc_column][\/vc_row][vc_row gap=&#8221;30&#8243; equal_height=&#8221;yes&#8221; content_placement=&#8221;top&#8221; css=&#8221;.vc_custom_1543914742357{padding-top: 50px !important;padding-right: 20px !important;padding-bottom: 50px !important;padding-left: 20px !important;}&#8221;][vc_column width=&#8221;1\/2&#8243; css=&#8221;.vc_custom_1543914688511{background-color: #76bc8c !important;}&#8221;][vc_custom_heading text=&#8221;UKS SE DEFINE&#8221; font_container=&#8221;tag:h1|font_size:40|text_align:center|color:%23ffffff&#8221; google_fonts=&#8221;font_family:Roboto%3A100%2C100italic%2C300%2C300italic%2Cregular%2Citalic%2C500%2C500italic%2C700%2C700italic%2C900%2C900italic|font_style:400%20regular%3A400%3Anormal&#8221;][vc_column_text]<\/p>\n<p style=\"text-align: center;\"><span style=\"color: #ffffff;\">Como una red dirigida a ejercer un papel activo que frene, en nuestro \u00e1mbito de actuaci\u00f3n, la inercia que est\u00e1n tomando las universidades p\u00fablicas en general y la UPV\/EHU en particular , y se posicione como un agente encargado de recordar a la UPV\/EHU tanto su naturaleza p\u00fablica como su lugar en la promoci\u00f3n de la responsabilidad social y de dar respuestas a las necesidades de una sociedad que promueva la solidaridad, la cooperaci\u00f3n, la sostenibilidad ambiental y la defensa de los derechos humanos.<\/span><\/p>\n<p>[\/vc_column_text][\/vc_column][vc_column width=&#8221;1\/2&#8243; css=&#8221;.vc_custom_1543914695194{background-color: #76bc8c !important;}&#8221;][vc_custom_heading text=&#8221;OBJETIVO&#8221; font_container=&#8221;tag:h1|font_size:40|text_align:center|color:%23ffffff&#8221; google_fonts=&#8221;font_family:Roboto%3A100%2C100italic%2C300%2C300italic%2Cregular%2Citalic%2C500%2C500italic%2C700%2C700italic%2C900%2C900italic|font_style:400%20regular%3A400%3Anormal&#8221;][vc_column_text]<\/p>\n<p style=\"text-align: center;\"><span style=\"color: #ffffff;\">El objetivo general con el que naci\u00f3 en el a\u00f1o 2013 era conseguir que la comunidad universitaria participe de una pol\u00edtica comprometida con la justicia social y la sostenibilidad a trav\u00e9s del conocimiento y el desarrollo de capacidades, valores y actitudes relacionadas con la solidaridad, la justicia social y los derechos humanos con equidad de g\u00e9nero.<\/span><\/p>\n<p>[\/vc_column_text][\/vc_column][\/vc_row][vc_row css=&#8221;.vc_custom_1543914788017{margin-top: 5rem !important;}&#8221;][vc_column][vc_custom_heading text=&#8221;\u00bfC\u00f3mo hemos llegado hasta aqu\u00ed?&#8221; font_container=&#8221;tag:p|font_size:40|text_align:center&#8221; google_fonts=&#8221;font_family:Roboto%3A100%2C100italic%2C300%2C300italic%2Cregular%2Citalic%2C500%2C500italic%2C700%2C700italic%2C900%2C900italic|font_style:400%20regular%3A400%3Anormal&#8221;][\/vc_column][\/vc_row][vc_row content_placement=&#8221;middle&#8221; css=&#8221;.vc_custom_1543914303304{margin-top: 10rem !important;}&#8221;][vc_column width=&#8221;1\/2&#8243;][vc_single_image image=&#8221;308&#8243; img_size=&#8221;full&#8221;][\/vc_column][vc_column width=&#8221;1\/2&#8243;][vc_column_text]<\/p>\n<p style=\"text-align: left;\"><strong>Se comenz\u00f3 con un programa conjunto, planificado y coordinado de las ONGD en el \u00e1mbito universitario de Gipuzkoa en materia de Educaci\u00f3n para la Transformaci\u00f3n Social (EpTS) para sumar sinergias, potenciales, esfuerzos y capacidades para ser m\u00e1s eficaces y eficientes.<\/strong><\/p>\n<p style=\"text-align: left;\">El grupo ha realizado reuniones peri\u00f3dicas y la identidad ha ido evolucionando para adecuarse a las necesidades de las ONGD y de los agentes universitarios hasta conformase la estructura actual. Para ello, han sido relevantes los encuentros que han tenido lugar, y que son espejo de la evoluci\u00f3n del grupo UKS.<br \/>\nResumen del contenido de los encuentros \u201cPor una Universidad Cr\u00edtica y Comprometida\u201d<\/p>\n<p>[\/vc_column_text][\/vc_column][\/vc_row][vc_row css=&#8221;.vc_custom_1543902007340{margin-top: 10rem !important;}&#8221;][vc_column][vc_tta_tabs][vc_tta_section title=&#8221;1\u00ba Encuentro&#8221; tab_id=&#8221;1543900106559-84cef219-77ed&#8221;][vc_column_text css=&#8221;.vc_custom_1543902117870{padding-top: 20px !important;padding-bottom: 20px !important;}&#8221;]<strong>El primer encuentro (enero de 2014) ten\u00eda tres principales objetivos:<\/strong><\/p>\n<ul>\n<li>Dar a conocer e identificar a las organizaciones sociales que est\u00e1n trabajando o quieren trabajar en el \u00e1mbito de la transformaci\u00f3n social en la universidad en Gipuzkoa.<\/li>\n<li>Analizar posibles sinergias y potencialidades entre los agentes participantes.<\/li>\n<li>Definir una estrategia de coordinaci\u00f3n a futuro.<\/li>\n<\/ul>\n<p>[\/vc_column_text][\/vc_tta_section][vc_tta_section title=&#8221;2\u00ba Encuentro&#8221; tab_id=&#8221;1543900106587-c20d8e8a-83d1&#8243;][vc_column_text css=&#8221;.vc_custom_1543902130627{padding-top: 20px !important;padding-bottom: 20px !important;}&#8221;]<strong>El segundo encuentro tuvo lugar el 19 de junio de 2014,<\/strong>\u00a0con el principal objetivo de comenzar\u00a0a dise\u00f1ar una hoja de ruta para el futuro. En este II Encuentro, se constat\u00f3 que hay un grupo significativo de personas en la universidad (profesorado, alumnado, PAS) y organizaciones sociales de dentro y de fuera de la universidad que asumen que el modelo actual de educaci\u00f3n superior tiene importantes carencias a nivel<br \/>\nhumano y social. Es por ello que se vio necesario tratar de incidir en los \u00f3rganos universitarios que realmente tienen capacidad decisoria para intentar cambiar las prioridades, o tratar al menos de hacer un hueco en el que poder atender a la funci\u00f3n social de la universidad.[\/vc_column_text][\/vc_tta_section][vc_tta_section title=&#8221;3\u00ba Encuentro&#8221; tab_id=&#8221;1543900291960-3806ad74-6152&#8243;][vc_column_text css=&#8221;.vc_custom_1543902140322{padding-top: 20px !important;padding-bottom: 20px !important;}&#8221;]<strong>El tercer encuentro tuvo lugar en diciembre de 2014 con el principal objetivo de trasladar al\u00a0<\/strong><strong>\u00e1mbito pr\u00e1ctico todo lo que a nivel te\u00f3rico hab\u00edamos avanzado hasta ese momento.<\/strong><\/p>\n<p>Tratar de buscar inspiraci\u00f3n en un caso pr\u00e1ctico, o varios, para ver c\u00f3mo podr\u00edamos implementar alguna actividad similar en el campus gipuzkoano de la UPV\/EHU. Al mismo tiempo, se conoci\u00f3 la<br \/>\nestructura del propio campus, para identificar \u00f3rganos decisorios donde poder incidir.[\/vc_column_text][\/vc_tta_section][vc_tta_section title=&#8221;4\u00ba Encuentro&#8221; tab_id=&#8221;1543900314991-12132f51-1a43&#8243;][vc_column_text css=&#8221;.vc_custom_1543902149643{padding-top: 20px !important;padding-bottom: 20px !important;}&#8221;]<strong>El cuarto encuentro tuvo lugar el 26 de enero de 2017 y los principales objetivos del mismo<\/strong><br \/>\n<strong>fueron:<\/strong><\/p>\n<ul>\n<li>Dar a conocer el trabajo realizado los \u00faltimos a\u00f1os y presentar las conclusiones y las buenas<br \/>\npr\u00e1cticas encontradas tras las entrevistas realizadas.<\/li>\n<li>Analizar la posibilidad de crear un observatorio cr\u00edtico y transformador para identificar<br \/>\nbuenas pr\u00e1cticas y agentes, para sistematizar esta informaci\u00f3n y darle valor.<\/li>\n<li>Definir una estrategia de coordinaci\u00f3n a futuro para incidir pol\u00edticamente en los \u00f3rganos de<br \/>\ndecisiones de la Universidad, para poner el valor el \u201c\u00e1mbito social\u201d y que las buenas pr\u00e1cticas<br \/>\nsirvan como est\u00edmulo para ello.<\/li>\n<\/ul>\n<p><strong>En el trascurso del cuarto al quinto encuentro<\/strong>\u00a0se form\u00f3 un grupo motor de trabajo formado por ONGD miembro de la Coordinadora de ONGD de Euskadi y agentes de la UPV\/EHU del campus Gipuzkoano, en este momento el grupo adquiere el nombre \u201cUnibertsitate Kritiko Sarea\u201d y el grupo empieza a trabajar sus objetivos de trabajo espec\u00edficos y su identidad.[\/vc_column_text][\/vc_tta_section][vc_tta_section title=&#8221;5\u00ba Encuentro&#8221; tab_id=&#8221;1543900355482-fc929395-4862&#8243;][vc_column_text css=&#8221;.vc_custom_1543902159227{padding-top: 20px !important;padding-bottom: 20px !important;}&#8221;]<strong>El quinto encuentro<\/strong>\u00a0se realiz\u00f3 el 19 de diciembre de 2017 y tuvo un momento interno y otro externo. Acudieron como invitadas Alejandra Boni y Vicente Manzano, personas con gran experiencia y con larga trayectoria en el \u00e1mbito de la universidad trasformadora. En el encuentro interno se definieron los Trabajos de Fin de Grado como herramienta que vincula a ONGD, alumnado y profesorado. En el encuentro abierto al p\u00fablico Vicente y Alejandra hablaron de los retos de la Universidad P\u00fablica como agente de cambio social en clave de<br \/>\njusticia y equidad.[\/vc_column_text][\/vc_tta_section][\/vc_tta_tabs][vc_column_text css=&#8221;.vc_custom_1543902077502{margin-top: 5rem !important;}&#8221;]<\/p>\n<p style=\"text-align: center;\"><strong>En todos estos a\u00f1os el proyecto ha seguido bajo el paraguas de recuperar la funci\u00f3n social de la universidad, como espacio de reflexi\u00f3n cr\u00edtico que promueve un modelo social basado en la equidad y la justicia social, en el marco de una Universidad sensible y comprometida con la generaci\u00f3n de una Ciudadan\u00eda Global.<\/strong><\/p>\n<p>[\/vc_column_text][\/vc_column][\/vc_row][vc_row css=&#8221;.vc_custom_1543987087027{margin-top: 10rem !important;margin-bottom: 10rem !important;background-color: #f4f4f4 !important;}&#8221;][vc_column][vc_tta_pageable no_fill_content_area=&#8221;1&#8243; autoplay=&#8221;4&#8243; active_section=&#8221;1&#8243; pagination_color=&#8221;vista-blue&#8221; css=&#8221;.vc_custom_1543987461681{padding-top: 50px !important;padding-bottom: 50px !important;}&#8221;][vc_tta_section title=&#8221;Secci\u00f3n 1&#8243; tab_id=&#8221;1543986780402-78bc9766-2b56&#8243;][vc_custom_heading text=&#8221;Abogar por la construcci\u00f3n del bien com\u00fan&#8221; font_container=&#8221;tag:p|font_size:30|text_align:center&#8221; google_fonts=&#8221;font_family:Roboto%3A100%2C100italic%2C300%2C300italic%2Cregular%2Citalic%2C500%2C500italic%2C700%2C700italic%2C900%2C900italic|font_style:400%20regular%3A400%3Anormal&#8221;][\/vc_tta_section][vc_tta_section title=&#8221;Secci\u00f3n 2&#8243; tab_id=&#8221;1543986780429-0949b20b-e973&#8243;][vc_custom_heading text=&#8221;Enfoque critico en propuestas y acciones&#8221; font_container=&#8221;tag:p|font_size:30|text_align:center&#8221; google_fonts=&#8221;font_family:Roboto%3A100%2C100italic%2C300%2C300italic%2Cregular%2Citalic%2C500%2C500italic%2C700%2C700italic%2C900%2C900italic|font_style:400%20regular%3A400%3Anormal&#8221;][\/vc_tta_section][vc_tta_section title=&#8221;Secci\u00f3n&#8221; tab_id=&#8221;1543987146553-6bb9cc39-fd94&#8243;][vc_custom_heading text=&#8221;Reflexionar e identificar los mecanismos que reproducen desigualdades y exclusi\u00f3n.&#8221; font_container=&#8221;tag:p|font_size:30|text_align:center&#8221; google_fonts=&#8221;font_family:Roboto%3A100%2C100italic%2C300%2C300italic%2Cregular%2Citalic%2C500%2C500italic%2C700%2C700italic%2C900%2C900italic|font_style:400%20regular%3A400%3Anormal&#8221;][\/vc_tta_section][vc_tta_section title=&#8221;Secci\u00f3n&#8221; tab_id=&#8221;1543987176416-832d8528-84bd&#8221;][vc_custom_heading text=&#8221;Promover el enfoque de justicia socio-ambiental.&#8221; font_container=&#8221;tag:p|font_size:30|text_align:center&#8221; google_fonts=&#8221;font_family:Roboto%3A100%2C100italic%2C300%2C300italic%2Cregular%2Citalic%2C500%2C500italic%2C700%2C700italic%2C900%2C900italic|font_style:400%20regular%3A400%3Anormal&#8221;][\/vc_tta_section][vc_tta_section title=&#8221;Secci\u00f3n&#8221; tab_id=&#8221;1543987204867-207faaea-92d2&#8243;][vc_custom_heading text=&#8221;Dotar las acciones con enfoque de Derechos Humanos.&#8221; font_container=&#8221;tag:p|font_size:30|text_align:center&#8221; google_fonts=&#8221;font_family:Roboto%3A100%2C100italic%2C300%2C300italic%2Cregular%2Citalic%2C500%2C500italic%2C700%2C700italic%2C900%2C900italic|font_style:400%20regular%3A400%3Anormal&#8221;][\/vc_tta_section][vc_tta_section title=&#8221;Secci\u00f3n&#8221; tab_id=&#8221;1543987229854-7d9ceb82-5c09&#8243;][vc_custom_heading text=&#8221;Promover los cuidados en lo interno y externo del grupo&#8221; font_container=&#8221;tag:p|font_size:30|text_align:center&#8221; google_fonts=&#8221;font_family:Roboto%3A100%2C100italic%2C300%2C300italic%2Cregular%2Citalic%2C500%2C500italic%2C700%2C700italic%2C900%2C900italic|font_style:400%20regular%3A400%3Anormal&#8221;][\/vc_tta_section][vc_tta_section title=&#8221;Secci\u00f3n&#8221; tab_id=&#8221;1543987254386-882c50aa-d75a&#8221;][vc_custom_heading text=&#8221;Incorporar el discurso y enfoque Feminista&#8221; font_container=&#8221;tag:p|font_size:30|text_align:center&#8221; google_fonts=&#8221;font_family:Roboto%3A100%2C100italic%2C300%2C300italic%2Cregular%2Citalic%2C500%2C500italic%2C700%2C700italic%2C900%2C900italic|font_style:400%20regular%3A400%3Anormal&#8221;][\/vc_tta_section][vc_tta_section title=&#8221;Secci\u00f3n&#8221; tab_id=&#8221;1543987281813-01733865-1a53&#8243;][vc_custom_heading text=&#8221;Trabajar para integrar la diversidad grupal&#8221; font_container=&#8221;tag:p|font_size:30|text_align:center&#8221; google_fonts=&#8221;font_family:Roboto%3A100%2C100italic%2C300%2C300italic%2Cregular%2Citalic%2C500%2C500italic%2C700%2C700italic%2C900%2C900italic|font_style:400%20regular%3A400%3Anormal&#8221;][\/vc_tta_section][vc_tta_section title=&#8221;Secci\u00f3n&#8221; tab_id=&#8221;1543987312125-023e79a3-ab56&#8243;][vc_custom_heading text=&#8221;Promover el Euskara&#8221; font_container=&#8221;tag:p|font_size:30|text_align:center&#8221; google_fonts=&#8221;font_family:Roboto%3A100%2C100italic%2C300%2C300italic%2Cregular%2Citalic%2C500%2C500italic%2C700%2C700italic%2C900%2C900italic|font_style:400%20regular%3A400%3Anormal&#8221;][\/vc_tta_section][vc_tta_section title=&#8221;Secci\u00f3n&#8221; tab_id=&#8221;1543987336503-153754df-ba46&#8243;][vc_custom_heading text=&#8221;Tener apertura y actitud dialogante en todo momento&#8221; font_container=&#8221;tag:p|font_size:30|text_align:center&#8221; google_fonts=&#8221;font_family:Roboto%3A100%2C100italic%2C300%2C300italic%2Cregular%2Citalic%2C500%2C500italic%2C700%2C700italic%2C900%2C900italic|font_style:400%20regular%3A400%3Anormal&#8221;][\/vc_tta_section][\/vc_tta_pageable][\/vc_column][\/vc_row][vc_row css=&#8221;.vc_custom_1543914583597{margin-top: 10rem !important;padding-top: 50px !important;padding-right: 20px !important;padding-bottom: 50px !important;padding-left: 20px !important;background-image: url(https:\/\/uks.eus\/wp-content\/uploads\/2018\/12\/nahil-naseer-557390-unsplash.jpg?id=314) !important;background-position: center !important;background-repeat: no-repeat !important;background-size: cover !important;}&#8221;][vc_column][vc_custom_heading text=&#8221;OTRA UNIVERSIDAD ES POSIBLE&#8221; font_container=&#8221;tag:h1|font_size:40|text_align:center|color:%23ffffff&#8221; google_fonts=&#8221;font_family:Roboto%3A100%2C100italic%2C300%2C300italic%2Cregular%2Citalic%2C500%2C500italic%2C700%2C700italic%2C900%2C900italic|font_style:400%20regular%3A400%3Anormal&#8221;][vc_column_text]<\/p>\n<p style=\"text-align: center;\"><span style=\"color: #ffffff;\">\u00bfTe gustaria participar?<\/span><\/p>\n<p style=\"text-align: center;\"><a href=\"https:\/\/uks.eus\/contacto\/\"><button>CONTACTAR AHORA<\/button><\/a><\/p>\n<p>[\/vc_column_text][\/vc_column][\/vc_row][vc_row][vc_column][vc_custom_heading text=&#8221;Organizaciones que forman parte de la Red UKS&#8221; font_container=&#8221;tag:p|font_size:40|text_align:center&#8221; google_fonts=&#8221;font_family:Roboto%3A100%2C100italic%2C300%2C300italic%2Cregular%2Citalic%2C500%2C500italic%2C700%2C700italic%2C900%2C900italic|font_style:400%20regular%3A400%3Anormal&#8221;][\/vc_column][\/vc_row][vc_row el_id=&#8221;entidades1&#8243;][vc_column width=&#8221;1\/3&#8243; css=&#8221;.vc_custom_1544569134568{padding-top: 2rem !important;padding-right: 2rem !important;padding-bottom: 2rem !important;padding-left: 2rem !important;}&#8221;][vc_single_image image=&#8221;430&#8243; img_size=&#8221;medium&#8221; onclick=&#8221;custom_link&#8221; link=&#8221;https:\/\/calcutaondoan.org&#8221; css=&#8221;.vc_custom_1544571099113{padding-top: 4rem !important;padding-bottom: 4rem !important;}&#8221; el_class=&#8221;logo_ent&#8221; el_id=&#8221;logo1&#8243;][\/vc_column][vc_column width=&#8221;1\/3&#8243;][vc_single_image image=&#8221;438&#8243; img_size=&#8221;medium&#8221; onclick=&#8221;custom_link&#8221; link=&#8221;https:\/\/www.ongdeuskadi.org&#8221; css=&#8221;.vc_custom_1544591439201{border-top-width: 4rem !important;padding-bottom: 4rem !important;}&#8221; el_class=&#8221;logo_ent&#8221; el_id=&#8221;logo2&#8243;][\/vc_column][vc_column width=&#8221;1\/3&#8243;][vc_single_image image=&#8221;432&#8243; img_size=&#8221;medium&#8221; onclick=&#8221;custom_link&#8221; link=&#8221;http:\/\/www.ecosfron.org&#8221; el_class=&#8221;logo_ent&#8221; el_id=&#8221;logo3&#8243;][\/vc_column][\/vc_row][vc_row el_id=&#8221;entidades2&#8243; el_class=&#8221;entidades2&#8243;][vc_column width=&#8221;1\/3&#8243; el_class=&#8221;logo_ent&#8221;][vc_single_image image=&#8221;440&#8243; img_size=&#8221;medium&#8221; onclick=&#8221;custom_link&#8221; link=&#8221;http:\/\/haurraldefundazioa.org\/&#8221; el_class=&#8221;logo_ent&#8221; el_id=&#8221;logo5&#8243;][\/vc_column][vc_column width=&#8221;1\/3&#8243;][vc_single_image image=&#8221;436&#8243; img_size=&#8221;medium&#8221; alignment=&#8221;center&#8221; onclick=&#8221;custom_link&#8221; link=&#8221;http:\/\/haurraldefundazioa.org\/&#8221; el_class=&#8221;logo_ent&#8221; el_id=&#8221;logo6&#8243;][\/vc_column][vc_column width=&#8221;1\/3&#8243;][vc_single_image image=&#8221;442&#8243; img_size=&#8221;medium&#8221; onclick=&#8221;custom_link&#8221; link=&#8221;http:\/\/medicusmundigipuzkoa.eus\/&#8221; el_class=&#8221;logo_ent&#8221; el_id=&#8221;logo7&#8243;][\/vc_column][\/vc_row][vc_row el_class=&#8221;entidades2&#8243;][vc_column width=&#8221;1\/3&#8243; el_class=&#8221;logo_ent&#8221;][vc_single_image image=&#8221;434&#8243; img_size=&#8221;medium&#8221; onclick=&#8221;custom_link&#8221; link=&#8221;http:\/\/www.emaus.com&#8221; el_id=&#8221;logo4&#8243; el_class=&#8221;logo_ent&#8221;][\/vc_column][vc_column width=&#8221;1\/3&#8243;][vc_single_image image=&#8221;444&#8243; img_size=&#8221;medium&#8221; alignment=&#8221;center&#8221; onclick=&#8221;custom_link&#8221; el_class=&#8221;logo_ent&#8221; link=&#8221;http:\/\/mugengainetik.org&#8221;][\/vc_column][vc_column width=&#8221;1\/3&#8243;][vc_single_image image=&#8221;739&#8243;][\/vc_column][\/vc_row][vc_row el_class=&#8221;entidades2&#8243;][vc_column width=&#8221;1\/3&#8243; el_class=&#8221;logo_ent&#8221;][\/vc_column][vc_column width=&#8221;1\/3&#8243;][vc_single_image image=&#8221;1991&#8243; img_size=&#8221;medium&#8221; alignment=&#8221;center&#8221; onclick=&#8221;custom_link&#8221; img_link_target=&#8221;_blank&#8221; el_class=&#8221;logo_ent&#8221; link=&#8221;https:\/\/bidezbide.org\/&#8221;][\/vc_column][vc_column width=&#8221;1\/3&#8243;][\/vc_column][\/vc_row][vc_row][vc_column][vc_custom_heading text=&#8221;Desde la universidad forman parte de la red: Profesorado, Alumnado y Personal Investigador.&#8221; font_container=&#8221;tag:p|font_size:30|text_align:center&#8221; google_fonts=&#8221;font_family:Roboto%3A100%2C100italic%2C300%2C300italic%2Cregular%2Citalic%2C500%2C500italic%2C700%2C700italic%2C900%2C900italic|font_style:400%20regular%3A400%3Anormal&#8221;][\/vc_column][\/vc_row]<\/p>\n","protected":false},"excerpt":{"rendered":"<p>[vc_row][vc_column][vc_custom_heading text=&#8221;Somos una red compuesta por personas pertenecientes a ONG de desarrollo de la Coordinadora de ONGD de Euskadi, a movimientos sociales, y profesorado, alumnado y personal investigador de la UPV\/EHU.&#8221; font_container=&#8221;tag:p|font_size:40|text_align:center&#8221; google_fonts=&#8221;font_family:Roboto%3A100%2C100italic%2C300%2C300italic%2Cregular%2Citalic%2C500%2C500italic%2C700%2C700italic%2C900%2C900italic|font_style:400%20regular%3A400%3Anormal&#8221;][\/vc_column][\/vc_row][vc_row content_placement=&#8221;middle&#8221; css=&#8221;.vc_custom_1543916606055{margin-top: 10rem !important;}&#8221;][vc_column width=&#8221;1\/2&#8243;][vc_column_text] Vinculadas a la Coordinadora de ONGD de Euskadi, a movimientos sociales, y profesorado adscrito a la Universidad [&hellip;]<\/p>\n","protected":false},"author":1,"featured_media":0,"parent":0,"menu_order":0,"comment_status":"closed","ping_status":"closed","template":"","meta":{"_acf_changed":false,"_genesis_hide_title":false,"_genesis_hide_breadcrumbs":false,"_genesis_hide_singular_image":false,"_genesis_hide_footer_widgets":false,"_genesis_custom_body_class":"","_genesis_custom_post_class":"","_genesis_layout":"full-width-content","footnotes":""},"class_list":{"0":"post-14","1":"page","2":"type-page","3":"status-publish","5":"entry"},"acf":[],"_links":{"self":[{"href":"https:\/\/uks.eus\/es\/wp-json\/wp\/v2\/pages\/14","targetHints":{"allow":["GET"]}}],"collection":[{"href":"https:\/\/uks.eus\/es\/wp-json\/wp\/v2\/pages"}],"about":[{"href":"https:\/\/uks.eus\/es\/wp-json\/wp\/v2\/types\/page"}],"author":[{"embeddable":true,"href":"https:\/\/uks.eus\/es\/wp-json\/wp\/v2\/users\/1"}],"replies":[{"embeddable":true,"href":"https:\/\/uks.eus\/es\/wp-json\/wp\/v2\/comments?post=14"}],"version-history":[{"count":132,"href":"https:\/\/uks.eus\/es\/wp-json\/wp\/v2\/pages\/14\/revisions"}],"predecessor-version":[{"id":1996,"href":"https:\/\/uks.eus\/es\/wp-json\/wp\/v2\/pages\/14\/revisions\/1996"}],"wp:attachment":[{"href":"https:\/\/uks.eus\/es\/wp-json\/wp\/v2\/media?parent=14"}],"curies":[{"name":"wp","href":"https:\/\/api.w.org\/{rel}","templated":true}]}}