{"id":1762,"date":"2025-12-05T14:48:08","date_gmt":"2025-12-05T13:48:08","guid":{"rendered":"https:\/\/uks.eus\/?page_id=1762"},"modified":"2025-12-12T08:42:05","modified_gmt":"2025-12-12T07:42:05","slug":"observatorio","status":"publish","type":"page","link":"https:\/\/uks.eus\/es\/observatorio\/","title":{"rendered":"Observatorio de Acci\u00f3n Social Universitaria"},"content":{"rendered":"<p>[vc_row gap=&#8221;35&#8243; equal_height=&#8221;yes&#8221; css=&#8221;.vc_custom_1765447721791{background-position: 0 0 !important;background-repeat: no-repeat !important;}&#8221;][vc_column width=&#8221;2\/3&#8243; css=&#8221;.vc_custom_1765281985972{padding-top: 0px !important;}&#8221;][vc_column_text]Los observatorios universitarios adquieren una relevancia especial en un momento marcado por desaf\u00edos sociales, econ\u00f3micos y ambientales, as\u00ed como por un clima de creciente polarizaci\u00f3n, en el que la universidad juega un papel clave como agente de cambio hacia sociedades m\u00e1s justas y sostenibles. Estos espacios resultan fundamentales para producir conocimiento cr\u00edtico y visibilizar experiencias con impacto en las comunidades. A trav\u00e9s de ellos es posible reconocer y difundir buenas pr\u00e1cticas que fortalecen una universidad comprometida con su contexto, atenta a las problem\u00e1ticas de los territorios y a las necesidades de las poblaciones con las que se relaciona. De este modo, contribuyen a consolidar una mirada acad\u00e9mica m\u00e1s cercana, transformadora y en di\u00e1logo permanente con la realidad social.[\/vc_column_text][\/vc_column][vc_column width=&#8221;1\/3&#8243; css=&#8221;.vc_custom_1765447833383{margin-bottom: 2em !important;background-image: url(https:\/\/uks.eus\/wp-content\/uploads\/2025\/12\/Observatorio-03.png?id=1876) !important;background-position: center !important;background-repeat: no-repeat !important;background-size: contain !important;}&#8221; offset=&#8221;vc_hidden-sm vc_hidden-xs&#8221;][\/vc_column][\/vc_row][vc_row gap=&#8221;35&#8243; css=&#8221;.vc_custom_1765447512437{margin-bottom: 2em !important;}&#8221;][vc_column css_animation=&#8221;fadeIn&#8221; width=&#8221;1\/2&#8243; css=&#8221;.vc_custom_1765279218626{padding-right: 1.5em !important;padding-left: 1.5em !important;background-color: #4ec1c6 !important;}&#8221; el_class=&#8221;columna-borde-izquierdo&#8221;][vc_single_image image=&#8221;1763&#8243; img_size=&#8221;80&#215;80&#8243; alignment=&#8221;center&#8221;][vc_custom_heading text=&#8221;Contexto de esta iniciativa&#8221; font_container=&#8221;tag:h2|text_align:center|color:%23ffffff&#8221; use_theme_fonts=&#8221;yes&#8221; css=&#8221;.vc_custom_1765277276162{margin-bottom: 1em !important;}&#8221;][vc_column_text el_class=&#8221;color-blanco&#8221;]Desde la red UKS, se propone crear este espacio m\u00e1s que como un observatorio en s\u00ed, como una herramienta para recopilar, sistematizar y visibilizar experiencias significativas de vinculaci\u00f3n universidad-sociedad que promuevan procesos educativos con capacidad transformadora.<\/p>\n<p>La informaci\u00f3n presentada en este Observatorio de Acci\u00f3n Social Universitaria se recoge a trav\u00e9s de un formulario de buenas pr\u00e1cticas y se presenta en el mapa interactivo disponible aqu\u00ed abajo. El prop\u00f3sito es crear un repositorio abierto de buenas pr\u00e1cticas que sirva de referencia para fortalecer, replicar o adaptar iniciativas en distintos contextos. Al mismo tiempo, busca <strong>tejer redes entre territorios y favorecer el intercambio de experiencias y saberes<\/strong>.<\/p>\n<p>Desde UKS animamos a toda persona involucrada en una iniciativa que vincula la universidad con la sociedad en el marco de la Educaci\u00f3n para la transformaci\u00f3n Social a participar en este espacio y enriquecerlo con sus aportaciones a trav\u00e9s del formulario. Las experiencias compartidas ser\u00e1n publicadas en el mapa interactivo para futuras consultas.[\/vc_column_text][vc_btn title=&#8221;Acceder al formulario&#8221; style=&#8221;classic&#8221; color=&#8221;mulled-wine&#8221; size=&#8221;lg&#8221; i_align=&#8221;right&#8221; i_icon_fontawesome=&#8221;fa fa-wpforms&#8221; css_animation=&#8221;none&#8221; add_icon=&#8221;true&#8221; link=&#8221;url:https%3A%2F%2Fdocs.google.com%2Fforms%2Fd%2Fe%2F1FAIpQLSfmBOrx7-fbAyruSz1302jgg-RPHt3AG7iAVR_fV9b3XavrxQ%2Fviewform%3Fusp%3Dheader||target:%20_blank|rel:nofollow&#8221;][\/vc_column][vc_column css_animation=&#8221;fadeIn&#8221; width=&#8221;1\/2&#8243; css=&#8221;.vc_custom_1765447218155{padding-right: 1.5em !important;padding-left: 1.5em !important;background-color: #4ec1c6 !important;}&#8221; el_class=&#8221;columna-borde-izquierdo&#8221;][vc_single_image image=&#8221;1771&#8243; img_size=&#8221;80&#215;80&#8243; alignment=&#8221;center&#8221;][vc_custom_heading text=&#8221;Buenas pr\u00e1cticas&#8221; font_container=&#8221;tag:h2|text_align:center|color:%23ffffff&#8221; use_theme_fonts=&#8221;yes&#8221; css=&#8221;.vc_custom_1765447258211{margin-bottom: 1em !important;}&#8221;][vc_column_text el_class=&#8221;color-blanco&#8221;]<strong>\u00bfQu\u00e9 define una buena pr\u00e1ctica de vinculaci\u00f3n universidad-sociedad?<\/strong><\/p>\n<p>Una buena pr\u00e1ctica:<\/p>\n<ul style=\"margin-left: 20px;\">\n<li>Promueve el compromiso \u00e9tico y social de la universidad.<\/li>\n<li>Genera impactos positivos y sostenibles en la comunidad.<\/li>\n<li>Fortalece procesos de aprendizaje mutuo entre universidad y actores sociales.<\/li>\n<li>Favorece la transformaci\u00f3n social, la equidad y la justicia.<\/li>\n<li>Cuida las relaciones y reconoce saberes diversos.<\/li>\n<li>Es replicable, adaptable y evaluable.<\/li>\n<li>Fortalece organizaci\u00f3n y procesos.<\/li>\n<\/ul>\n<p>[\/vc_column_text][\/vc_column][\/vc_row][vc_row css_animation=&#8221;fadeIn&#8221;][vc_column][vc_custom_heading text=&#8221;Mapa interactivo&#8221; use_theme_fonts=&#8221;yes&#8221;][vc_column_text]En este mapa encontrar\u00e1s diferentes iniciativas que actualmente forman parte del observatorio. Mu\u00e9vete por el mapa para conocerlos y haz clic en cada ubicaci\u00f3n para obtener m\u00e1s informaci\u00f3n sobre cada uno.<\/p>\n<p>Si quieres que tu iniciativa aparezca en ella, rellena el <a href=\"https:\/\/docs.google.com\/forms\/d\/e\/1FAIpQLSfmBOrx7-fbAyruSz1302jgg-RPHt3AG7iAVR_fV9b3XavrxQ\/viewform?usp=header\" target=\"_blank\" rel=\"noopener\">formulario online<\/a>, por favor.[\/vc_column_text][\/vc_column][\/vc_row][vc_row css_animation=&#8221;fadeIn&#8221;][vc_column el_class=&#8221;-columna-mapa&#8221; css=&#8221;.vc_custom_1765280507189{padding-right: 0px !important;padding-left: 0px !important;}&#8221;][vc_raw_html]JTVCdWJpY2FjaW9uZXMtbWFwYSU1RA==[\/vc_raw_html][\/vc_column][\/vc_row]<\/p>\n","protected":false},"excerpt":{"rendered":"<p>[vc_row gap=&#8221;35&#8243; equal_height=&#8221;yes&#8221; css=&#8221;.vc_custom_1765447721791{background-position: 0 0 !important;background-repeat: no-repeat !important;}&#8221;][vc_column width=&#8221;2\/3&#8243; css=&#8221;.vc_custom_1765281985972{padding-top: 0px !important;}&#8221;][vc_column_text]Los observatorios universitarios adquieren una relevancia especial en un momento marcado por desaf\u00edos sociales, econ\u00f3micos y ambientales, as\u00ed como por un clima de creciente polarizaci\u00f3n, en el que la universidad juega un papel clave como agente de cambio hacia sociedades m\u00e1s justas y [&hellip;]<\/p>\n","protected":false},"author":2,"featured_media":0,"parent":0,"menu_order":0,"comment_status":"closed","ping_status":"closed","template":"","meta":{"_acf_changed":false,"_genesis_hide_title":false,"_genesis_hide_breadcrumbs":false,"_genesis_hide_singular_image":false,"_genesis_hide_footer_widgets":false,"_genesis_custom_body_class":"","_genesis_custom_post_class":"","_genesis_layout":"full-width-content","footnotes":""},"class_list":{"0":"post-1762","1":"page","2":"type-page","3":"status-publish","5":"entry"},"acf":[],"_links":{"self":[{"href":"https:\/\/uks.eus\/es\/wp-json\/wp\/v2\/pages\/1762","targetHints":{"allow":["GET"]}}],"collection":[{"href":"https:\/\/uks.eus\/es\/wp-json\/wp\/v2\/pages"}],"about":[{"href":"https:\/\/uks.eus\/es\/wp-json\/wp\/v2\/types\/page"}],"author":[{"embeddable":true,"href":"https:\/\/uks.eus\/es\/wp-json\/wp\/v2\/users\/2"}],"replies":[{"embeddable":true,"href":"https:\/\/uks.eus\/es\/wp-json\/wp\/v2\/comments?post=1762"}],"version-history":[{"count":106,"href":"https:\/\/uks.eus\/es\/wp-json\/wp\/v2\/pages\/1762\/revisions"}],"predecessor-version":[{"id":1956,"href":"https:\/\/uks.eus\/es\/wp-json\/wp\/v2\/pages\/1762\/revisions\/1956"}],"wp:attachment":[{"href":"https:\/\/uks.eus\/es\/wp-json\/wp\/v2\/media?parent=1762"}],"curies":[{"name":"wp","href":"https:\/\/api.w.org\/{rel}","templated":true}]}}